{"id":410,"date":"2021-01-23T18:55:35","date_gmt":"2021-01-23T18:55:35","guid":{"rendered":"https:\/\/www.graphicsdp.com\/?page_id=410"},"modified":"2026-04-13T20:56:47","modified_gmt":"2026-04-13T20:56:47","slug":"senalizacion","status":"publish","type":"page","link":"https:\/\/www.graphicsdp.com\/index.php\/senalizacion\/","title":{"rendered":"Se\u00f1alizaci\u00f3n"},"content":{"rendered":"<div class=\"et_pb_section_0 et_pb_section et_pb_fullwidth_section et_section_regular et_block_section section_has_divider et_pb_bottom_divider\">\n<div class=\"et_pb_fullwidth_slider_0 et_pb_slider et_pb_module\"><div class=\"et_pb_slides\">\n<div class=\"et_pb_slide_0 et_pb_slide et_pb_media_alignment_center et_pb_bg_layout_dark et_pb_text_align_left\" data-slide-id=\"divi\/slide-0\"><div class=\"et_pb_container\"><div class=\"et_pb_slider_container_inner\"><div class=\"et_pb_slide_description\"><h2 class=\"et_pb_slide_title\"><a href=\"https:\/\/api.whatsapp.com\/send?phone=573007700511&#038;text=Hola%2C%20necesito%20informaci%C3%B3n%20acerca%20de%3A\" target=\"on\" class=\"et_pb_slide_title_link\">\ud83d\udc49 Se\u00f1alizaciones<\/a><\/h2><\/div><\/div><\/div><\/div>\n<\/div><\/div>\n<div class=\"et_pb_bottom_inside_divider et-no-transition\"><\/div><\/div>\n\n<div class=\"et_pb_section_1 et_pb_section et_section_regular et_block_section\">\n<div class=\"et_pb_row_0 et_pb_row et_block_row\">\n<div class=\"et_pb_column_0 et_pb_column et_pb_column_4_4 et-last-child et_block_column et_pb_css_mix_blend_mode_passthrough\">\n<div class=\"et_pb_text_0 et_pb_text et_pb_bg_layout_light et_pb_module et_block_module\"><div class=\"et_pb_text_inner\"><h1 style=\"text-align: center;\"><span style=\"color: #008080;\"><span style=\"color: #800080;\"><strong>\u2728 Mira nuestro \u00faltimo proyecto realizado \u2728<\/strong><\/span><br \/><\/span><\/h1>\n<p data-start=\"566\" data-end=\"646\" style=\"text-align: center;\"><span style=\"color: #808080;\">Calidad e instalaci\u00f3n profesional garantizada<\/span><\/p>\n<\/div><\/div>\n<\/div>\n<\/div>\n<\/div>\n\n<div class=\"et_pb_section_2 et_pb_section et_pb_fullwidth_section et_section_regular et_block_section\">\n<div class=\"et_pb_fullwidth_portfolio_0 et_pb_fullwidth_portfolio et_pb_bg_layout_light et_pb_text_align_center et_pb_fullwidth_portfolio_grid clearfix et_pb_module et_grid_module\" data-auto-rotate=\"off\" data-auto-rotate-speed=\"7000\"><div class=\"et_pb_portfolio_items et_grid_module\" data-portfolio-columns=\"\"><div class=\"et_pb_fullwidth_portfolio_item_0_0 et_pb_portfolio_item et_pb_grid_item post-817 project type-project status-publish has-post-thumbnail hentry project_category-avisos project_category-avisos-en-acrilico project_category-rompe-traficos project_category-senalizacion\" id=\"817\"><div class=\"et_pb_portfolio_image landscape\"><img loading=\"lazy\" decoding=\"async\" src=\"https:\/\/www.graphicsdp.com\/wp-content\/uploads\/2026\/04\/stanenacrilico-510x382.jpg\" class=\"wp-image-818\" alt=\"Stand en Acrilico Nateen\" title=\"Stand en Acrilico Nateen\" width=\"510\" height=\"382\" srcset=\"https:\/\/www.graphicsdp.com\/wp-content\/uploads\/2026\/04\/stanenacrilico.jpg 479w, https:\/\/www.graphicsdp.com\/wp-content\/uploads\/2026\/04\/stanenacrilico-510x382.jpg 480w\" sizes=\"(max-width:479px) 479px, 100vw\" \/><div class=\"meta\"><a href=\"https:\/\/www.graphicsdp.com\/index.php\/project\/stand-en-acrilico-nateen\/\"><span class=\"et_overlay\" data-icon-tablet=\"\" data-icon-phone=\"\" data-icon-sticky=\"\"><\/span><h3 class=\"et_pb_module_header\">Stand en Acrilico Nateen<\/h3><p class=\"post-meta\">April 13, 2026<\/p><\/a><\/div><\/div><\/div><div class=\"et_pb_fullwidth_portfolio_item_0_1 et_pb_portfolio_item et_pb_grid_item post-747 project type-project status-publish has-post-thumbnail hentry project_category-senalizacion\" id=\"747\"><div class=\"et_pb_portfolio_image landscape\"><img loading=\"lazy\" decoding=\"async\" src=\"https:\/\/www.graphicsdp.com\/wp-content\/uploads\/2026\/04\/senalizacionacrilico_graphicsdp.com_-510x382.jpg\" class=\"wp-image-749\" alt=\"Se\u00f1ales en acrilico cortado en l\u00e1ser, fondo en gris escarchado, se\u00f1ales impresionantes para tu conjunto residencial!\" title=\"Se\u00f1ales en acrilico cortado en l\u00e1ser, fondo en gris escarchado, se\u00f1ales impresionantes para tu conjunto residencial!\" width=\"510\" height=\"382\" srcset=\"https:\/\/www.graphicsdp.com\/wp-content\/uploads\/2026\/04\/senalizacionacrilico_graphicsdp.com_.jpg 479w, https:\/\/www.graphicsdp.com\/wp-content\/uploads\/2026\/04\/senalizacionacrilico_graphicsdp.com_-510x382.jpg 480w\" sizes=\"(max-width:479px) 479px, 100vw\" \/><div class=\"meta\"><a href=\"https:\/\/www.graphicsdp.com\/index.php\/project\/senales-en-acrilico-cortado-en-laser-fondo-en-gris-escarchado-senales-impresionantes-para-tu-conjunto-residencial\/\"><span class=\"et_overlay\" data-icon-tablet=\"\" data-icon-phone=\"\" data-icon-sticky=\"\"><\/span><h3 class=\"et_pb_module_header\">Se\u00f1ales en acrilico cortado en l\u00e1ser, fondo en gris escarchado, se\u00f1ales impresionantes para tu conjunto residencial!<\/h3><p class=\"post-meta\">April 13, 2026<\/p><\/a><\/div><\/div><\/div><div class=\"et_pb_fullwidth_portfolio_item_0_2 et_pb_portfolio_item et_pb_grid_item post-737 project type-project status-publish has-post-thumbnail hentry project_category-avisos-en-acrilico project_category-gran-formato project_category-imagen-corporativa project_category-impresion-digital project_category-senalizacion project_category-vinilo-adhesivo\" id=\"737\"><div class=\"et_pb_portfolio_image landscape\"><img loading=\"lazy\" decoding=\"async\" src=\"https:\/\/www.graphicsdp.com\/wp-content\/uploads\/2026\/04\/Decoracion-y-acabados-en-acrilico-para-fachada-cafe-bleu-alianza-francesa-510x382.jpg\" class=\"wp-image-738\" alt=\"Decoraci\u00f3n y acabados en acrilico para fachada caf\u00e9 bleu, alianza francesa\" title=\"Decoraci\u00f3n y acabados en acrilico para fachada caf\u00e9 bleu, alianza francesa\" width=\"510\" height=\"382\" srcset=\"https:\/\/www.graphicsdp.com\/wp-content\/uploads\/2026\/04\/Decoracion-y-acabados-en-acrilico-para-fachada-cafe-bleu-alianza-francesa.jpg 479w, https:\/\/www.graphicsdp.com\/wp-content\/uploads\/2026\/04\/Decoracion-y-acabados-en-acrilico-para-fachada-cafe-bleu-alianza-francesa-510x382.jpg 480w\" sizes=\"(max-width:479px) 479px, 100vw\" \/><div class=\"meta\"><a href=\"https:\/\/www.graphicsdp.com\/index.php\/project\/decoracion-y-acabados-en-acrilico-para-fachada-cafe-bleu-alianza-francesa\/\"><span class=\"et_overlay\" data-icon-tablet=\"\" data-icon-phone=\"\" data-icon-sticky=\"\"><\/span><h3 class=\"et_pb_module_header\">Decoraci\u00f3n y acabados en acrilico para fachada caf\u00e9 bleu, alianza francesa<\/h3><p class=\"post-meta\">April 13, 2026<\/p><\/a><\/div><\/div><\/div><div class=\"et_pb_fullwidth_portfolio_item_0_3 et_pb_portfolio_item et_pb_grid_item post-709 project type-project status-publish has-post-thumbnail hentry project_category-imagen-corporativa project_category-senalizacion\" id=\"709\"><div class=\"et_pb_portfolio_image landscape\"><img loading=\"lazy\" decoding=\"async\" src=\"https:\/\/www.graphicsdp.com\/wp-content\/uploads\/2026\/04\/calendarioscreativos_barranquilla_graphicsdp.com_-510x382.jpg\" class=\"wp-image-712\" alt=\"Calendarios creativos Nutr\u00edmedicall\" title=\"Calendarios creativos Nutr\u00edmedicall\" width=\"510\" height=\"382\" srcset=\"https:\/\/www.graphicsdp.com\/wp-content\/uploads\/2026\/04\/calendarioscreativos_barranquilla_graphicsdp.com_.jpg 479w, https:\/\/www.graphicsdp.com\/wp-content\/uploads\/2026\/04\/calendarioscreativos_barranquilla_graphicsdp.com_-510x382.jpg 480w\" sizes=\"(max-width:479px) 479px, 100vw\" \/><div class=\"meta\"><a href=\"https:\/\/www.graphicsdp.com\/index.php\/project\/calendarios-creativos-nutrimedicall\/\"><span class=\"et_overlay\" data-icon-tablet=\"\" data-icon-phone=\"\" data-icon-sticky=\"\"><\/span><h3 class=\"et_pb_module_header\">Calendarios creativos Nutr\u00edmedicall<\/h3><p class=\"post-meta\">April 13, 2026<\/p><\/a><\/div><\/div><\/div><div class=\"et_pb_fullwidth_portfolio_item_0_4 et_pb_portfolio_item et_pb_grid_item post-706 project type-project status-publish has-post-thumbnail hentry project_category-senalizacion\" id=\"706\"><div class=\"et_pb_portfolio_image landscape\"><img loading=\"lazy\" decoding=\"async\" src=\"https:\/\/www.graphicsdp.com\/wp-content\/uploads\/2026\/04\/habladordemesa_graphicsdp.com_-510x382.jpg\" class=\"wp-image-707\" alt=\"Hermoso Hablador de mesa porta tarjetas de presentaci\u00f3n, para QRs empresariales!!\u00a0\" title=\"Hermoso Hablador de mesa porta tarjetas de presentaci\u00f3n, para QRs empresariales!!\u00a0\" width=\"510\" height=\"382\" srcset=\"https:\/\/www.graphicsdp.com\/wp-content\/uploads\/2026\/04\/habladordemesa_graphicsdp.com_.jpg 479w, https:\/\/www.graphicsdp.com\/wp-content\/uploads\/2026\/04\/habladordemesa_graphicsdp.com_-510x382.jpg 480w\" sizes=\"(max-width:479px) 479px, 100vw\" \/><div class=\"meta\"><a href=\"https:\/\/www.graphicsdp.com\/index.php\/project\/hermoso-hablador-de-mesa-porta-tarjetas-de-presentacion-para-qrs-empresariales\/\"><span class=\"et_overlay\" data-icon-tablet=\"\" data-icon-phone=\"\" data-icon-sticky=\"\"><\/span><h3 class=\"et_pb_module_header\">Hermoso Hablador de mesa porta tarjetas de presentaci\u00f3n, para QRs empresariales!!\u00a0<\/h3><p class=\"post-meta\">April 13, 2026<\/p><\/a><\/div><\/div><\/div><div class=\"et_pb_fullwidth_portfolio_item_0_5 et_pb_portfolio_item et_pb_grid_item post-685 project type-project status-publish has-post-thumbnail hentry project_category-senalizacion\" id=\"685\"><div class=\"et_pb_portfolio_image landscape\"><img loading=\"lazy\" decoding=\"async\" src=\"https:\/\/www.graphicsdp.com\/wp-content\/uploads\/2026\/04\/senal1-510x382.jpg\" class=\"wp-image-687\" alt=\"Se\u00f1alizacion vial para conjuntos residenciales,\" title=\"Se\u00f1alizacion vial para conjuntos residenciales,\" width=\"510\" height=\"382\" srcset=\"https:\/\/www.graphicsdp.com\/wp-content\/uploads\/2026\/04\/senal1.jpg 479w, https:\/\/www.graphicsdp.com\/wp-content\/uploads\/2026\/04\/senal1-510x382.jpg 480w\" sizes=\"(max-width:479px) 479px, 100vw\" \/><div class=\"meta\"><a href=\"https:\/\/www.graphicsdp.com\/index.php\/project\/senalizacion-vial-para-conjuntos-residenciales\/\"><span class=\"et_overlay\" data-icon-tablet=\"\" data-icon-phone=\"\" data-icon-sticky=\"\"><\/span><h3 class=\"et_pb_module_header\">Se\u00f1alizacion vial para conjuntos residenciales,<\/h3><p class=\"post-meta\">April 13, 2026<\/p><\/a><\/div><\/div><\/div><div class=\"et_pb_fullwidth_portfolio_item_0_6 et_pb_portfolio_item et_pb_grid_item post-499 project type-project status-publish has-post-thumbnail hentry project_category-senalizacion\" id=\"499\"><div class=\"et_pb_portfolio_image landscape\"><img loading=\"lazy\" decoding=\"async\" src=\"https:\/\/www.graphicsdp.com\/wp-content\/uploads\/2023\/01\/98ede596-afdd-4e99-a563-416261e8dc30-510x382.jpg\" class=\"wp-image-500\" alt=\"Se\u00f1alizacion Simit\" title=\"Se\u00f1alizacion Simit\" width=\"510\" height=\"382\" srcset=\"https:\/\/www.graphicsdp.com\/wp-content\/uploads\/2023\/01\/98ede596-afdd-4e99-a563-416261e8dc30.jpg 479w, https:\/\/www.graphicsdp.com\/wp-content\/uploads\/2023\/01\/98ede596-afdd-4e99-a563-416261e8dc30-510x382.jpg 480w\" sizes=\"(max-width:479px) 479px, 100vw\" srcset=\"https:\/\/www.graphicsdp.com\/wp-content\/uploads\/2023\/01\/98ede596-afdd-4e99-a563-416261e8dc30-510x382.jpg 510w, https:\/\/www.graphicsdp.com\/wp-content\/uploads\/2023\/01\/98ede596-afdd-4e99-a563-416261e8dc30-300x225.jpg 300w, https:\/\/www.graphicsdp.com\/wp-content\/uploads\/2023\/01\/98ede596-afdd-4e99-a563-416261e8dc30-1024x768.jpg 1024w, https:\/\/www.graphicsdp.com\/wp-content\/uploads\/2023\/01\/98ede596-afdd-4e99-a563-416261e8dc30-768x576.jpg 768w, https:\/\/www.graphicsdp.com\/wp-content\/uploads\/2023\/01\/98ede596-afdd-4e99-a563-416261e8dc30-1536x1152.jpg 1536w, https:\/\/www.graphicsdp.com\/wp-content\/uploads\/2023\/01\/98ede596-afdd-4e99-a563-416261e8dc30-1080x810.jpg 1080w, https:\/\/www.graphicsdp.com\/wp-content\/uploads\/2023\/01\/98ede596-afdd-4e99-a563-416261e8dc30.jpg 1600w\" \/><div class=\"meta\"><a href=\"https:\/\/www.graphicsdp.com\/index.php\/project\/senalizacion-simit\/\"><span class=\"et_overlay\" data-icon-tablet=\"\" data-icon-phone=\"\" data-icon-sticky=\"\"><\/span><h3 class=\"et_pb_module_header\">Se\u00f1alizacion Simit<\/h3><p class=\"post-meta\">January 20, 2023<\/p><\/a><\/div><\/div><\/div><div class=\"et_pb_fullwidth_portfolio_item_0_7 et_pb_portfolio_item et_pb_grid_item post-490 project type-project status-publish has-post-thumbnail hentry project_category-senalizacion\" id=\"490\"><div class=\"et_pb_portfolio_image landscape\"><img loading=\"lazy\" decoding=\"async\" src=\"https:\/\/www.graphicsdp.com\/wp-content\/uploads\/2023\/01\/4fb08742-ef9b-42a2-8edd-a5f5bf1a1d93-510x382.jpg\" class=\"wp-image-491\" alt=\"Aviso Barbaos\" title=\"Aviso Barbaos\" width=\"510\" height=\"382\" srcset=\"https:\/\/www.graphicsdp.com\/wp-content\/uploads\/2023\/01\/4fb08742-ef9b-42a2-8edd-a5f5bf1a1d93.jpg 479w, https:\/\/www.graphicsdp.com\/wp-content\/uploads\/2023\/01\/4fb08742-ef9b-42a2-8edd-a5f5bf1a1d93-510x382.jpg 480w\" sizes=\"(max-width:479px) 479px, 100vw\" srcset=\"https:\/\/www.graphicsdp.com\/wp-content\/uploads\/2023\/01\/4fb08742-ef9b-42a2-8edd-a5f5bf1a1d93-510x382.jpg 510w, https:\/\/www.graphicsdp.com\/wp-content\/uploads\/2023\/01\/4fb08742-ef9b-42a2-8edd-a5f5bf1a1d93-300x225.jpg 300w, https:\/\/www.graphicsdp.com\/wp-content\/uploads\/2023\/01\/4fb08742-ef9b-42a2-8edd-a5f5bf1a1d93-1024x768.jpg 1024w, https:\/\/www.graphicsdp.com\/wp-content\/uploads\/2023\/01\/4fb08742-ef9b-42a2-8edd-a5f5bf1a1d93-768x576.jpg 768w, https:\/\/www.graphicsdp.com\/wp-content\/uploads\/2023\/01\/4fb08742-ef9b-42a2-8edd-a5f5bf1a1d93-1536x1152.jpg 1536w, https:\/\/www.graphicsdp.com\/wp-content\/uploads\/2023\/01\/4fb08742-ef9b-42a2-8edd-a5f5bf1a1d93-1080x810.jpg 1080w, https:\/\/www.graphicsdp.com\/wp-content\/uploads\/2023\/01\/4fb08742-ef9b-42a2-8edd-a5f5bf1a1d93.jpg 1600w\" \/><div class=\"meta\"><a href=\"https:\/\/www.graphicsdp.com\/index.php\/project\/aviso-barbaos\/\"><span class=\"et_overlay\" data-icon-tablet=\"\" data-icon-phone=\"\" data-icon-sticky=\"\"><\/span><h3 class=\"et_pb_module_header\">Aviso Barbaos<\/h3><p class=\"post-meta\">January 20, 2023<\/p><\/a><\/div><\/div><\/div><div class=\"et_pb_fullwidth_portfolio_item_0_8 et_pb_portfolio_item et_pb_grid_item post-420 project type-project status-publish has-post-thumbnail hentry project_category-senalizacion\" id=\"420\"><div class=\"et_pb_portfolio_image landscape\"><img loading=\"lazy\" decoding=\"async\" src=\"https:\/\/www.graphicsdp.com\/wp-content\/uploads\/2021\/01\/senal-salida.png\" class=\"wp-image-421\" alt=\"Se\u00f1alizaciones Parqueadero\" title=\"Se\u00f1alizaciones Parqueadero\" width=\"382\" height=\"382\" srcset=\"https:\/\/www.graphicsdp.com\/wp-content\/uploads\/2021\/01\/senal-salida.png 479w, https:\/\/www.graphicsdp.com\/wp-content\/uploads\/2021\/01\/senal-salida.png 480w\" sizes=\"(max-width:479px) 479px, 100vw\" srcset=\"https:\/\/www.graphicsdp.com\/wp-content\/uploads\/2021\/01\/senal-salida.png 414w, https:\/\/www.graphicsdp.com\/wp-content\/uploads\/2021\/01\/senal-salida-300x300.png 300w, https:\/\/www.graphicsdp.com\/wp-content\/uploads\/2021\/01\/senal-salida-150x150.png 150w\" \/><div class=\"meta\"><a href=\"https:\/\/www.graphicsdp.com\/index.php\/project\/senalizaciones-parqueadero\/\"><span class=\"et_overlay\" data-icon-tablet=\"\" data-icon-phone=\"\" data-icon-sticky=\"\"><\/span><h3 class=\"et_pb_module_header\">Se\u00f1alizaciones Parqueadero<\/h3><p class=\"post-meta\">January 23, 2021<\/p><\/a><\/div><\/div><\/div><div class=\"et_pb_fullwidth_portfolio_item_0_9 et_pb_portfolio_item et_pb_grid_item post-366 project type-project status-publish has-post-thumbnail hentry project_category-senalizacion\" id=\"366\"><div class=\"et_pb_portfolio_image landscape\"><img loading=\"lazy\" decoding=\"async\" src=\"https:\/\/www.graphicsdp.com\/wp-content\/uploads\/2021\/01\/senal-niquelado.png\" class=\"wp-image-367\" alt=\"Se\u00f1alizaci\u00f3n Niquelado\" title=\"Se\u00f1alizaci\u00f3n Niquelado\" width=\"382\" height=\"382\" srcset=\"https:\/\/www.graphicsdp.com\/wp-content\/uploads\/2021\/01\/senal-niquelado.png 479w, https:\/\/www.graphicsdp.com\/wp-content\/uploads\/2021\/01\/senal-niquelado.png 480w\" sizes=\"(max-width:479px) 479px, 100vw\" srcset=\"https:\/\/www.graphicsdp.com\/wp-content\/uploads\/2021\/01\/senal-niquelado.png 414w, https:\/\/www.graphicsdp.com\/wp-content\/uploads\/2021\/01\/senal-niquelado-300x300.png 300w, https:\/\/www.graphicsdp.com\/wp-content\/uploads\/2021\/01\/senal-niquelado-150x150.png 150w\" \/><div class=\"meta\"><a href=\"https:\/\/www.graphicsdp.com\/index.php\/project\/senalizacion-niquelado\/\"><span class=\"et_overlay\" data-icon-tablet=\"\" data-icon-phone=\"\" data-icon-sticky=\"\"><\/span><h3 class=\"et_pb_module_header\">Se\u00f1alizaci\u00f3n Niquelado<\/h3><p class=\"post-meta\">January 23, 2021<\/p><\/a><\/div><\/div><\/div><div class=\"et_pb_fullwidth_portfolio_item_0_10 et_pb_portfolio_item et_pb_grid_item post-363 project type-project status-publish has-post-thumbnail hentry project_category-senalizacion\" id=\"363\"><div class=\"et_pb_portfolio_image landscape\"><img loading=\"lazy\" decoding=\"async\" src=\"https:\/\/www.graphicsdp.com\/wp-content\/uploads\/2021\/01\/senal2.png\" class=\"wp-image-364\" alt=\"Se\u00f1alizaci\u00f3n en Braile\" title=\"Se\u00f1alizaci\u00f3n en Braile\" width=\"382\" height=\"382\" srcset=\"https:\/\/www.graphicsdp.com\/wp-content\/uploads\/2021\/01\/senal2.png 479w, https:\/\/www.graphicsdp.com\/wp-content\/uploads\/2021\/01\/senal2.png 480w\" sizes=\"(max-width:479px) 479px, 100vw\" srcset=\"https:\/\/www.graphicsdp.com\/wp-content\/uploads\/2021\/01\/senal2.png 414w, https:\/\/www.graphicsdp.com\/wp-content\/uploads\/2021\/01\/senal2-300x300.png 300w, https:\/\/www.graphicsdp.com\/wp-content\/uploads\/2021\/01\/senal2-150x150.png 150w\" \/><div class=\"meta\"><a href=\"https:\/\/www.graphicsdp.com\/index.php\/project\/senalizacion-en-braile\/\"><span class=\"et_overlay\" data-icon-tablet=\"\" data-icon-phone=\"\" data-icon-sticky=\"\"><\/span><h3 class=\"et_pb_module_header\">Se\u00f1alizaci\u00f3n en Braile<\/h3><p class=\"post-meta\">January 23, 2021<\/p><\/a><\/div><\/div><\/div><div class=\"et_pb_fullwidth_portfolio_item_0_11 et_pb_portfolio_item et_pb_grid_item post-360 project type-project status-publish has-post-thumbnail hentry project_category-senalizacion\" id=\"360\"><div class=\"et_pb_portfolio_image landscape\"><img loading=\"lazy\" decoding=\"async\" src=\"https:\/\/www.graphicsdp.com\/wp-content\/uploads\/2021\/01\/senal1.png\" class=\"wp-image-361\" alt=\"Se\u00f1alizaci\u00f3n Bioseguridad\" title=\"Se\u00f1alizaci\u00f3n Bioseguridad\" width=\"382\" height=\"382\" srcset=\"https:\/\/www.graphicsdp.com\/wp-content\/uploads\/2021\/01\/senal1.png 479w, https:\/\/www.graphicsdp.com\/wp-content\/uploads\/2021\/01\/senal1.png 480w\" sizes=\"(max-width:479px) 479px, 100vw\" srcset=\"https:\/\/www.graphicsdp.com\/wp-content\/uploads\/2021\/01\/senal1.png 414w, https:\/\/www.graphicsdp.com\/wp-content\/uploads\/2021\/01\/senal1-300x300.png 300w, https:\/\/www.graphicsdp.com\/wp-content\/uploads\/2021\/01\/senal1-150x150.png 150w\" \/><div class=\"meta\"><a href=\"https:\/\/www.graphicsdp.com\/index.php\/project\/senalizacion-bioseguridad\/\"><span class=\"et_overlay\" data-icon-tablet=\"\" data-icon-phone=\"\" data-icon-sticky=\"\"><\/span><h3 class=\"et_pb_module_header\">Se\u00f1alizaci\u00f3n Bioseguridad<\/h3><p class=\"post-meta\">January 23, 2021<\/p><\/a><\/div><\/div><\/div><div class=\"et_pb_fullwidth_portfolio_item_0_12 et_pb_portfolio_item et_pb_grid_item post-341 project type-project status-publish has-post-thumbnail hentry project_category-buzon-de-sugerencia project_category-imagen-corporativa project_category-senalizacion\" id=\"341\"><div class=\"et_pb_portfolio_image landscape\"><img loading=\"lazy\" decoding=\"async\" src=\"https:\/\/www.graphicsdp.com\/wp-content\/uploads\/2021\/01\/buzon-sugerencias.png\" class=\"wp-image-342\" alt=\"Buz\u00f3n de Sugerencias\" title=\"Buz\u00f3n de Sugerencias\" width=\"382\" height=\"382\" srcset=\"https:\/\/www.graphicsdp.com\/wp-content\/uploads\/2021\/01\/buzon-sugerencias.png 479w, https:\/\/www.graphicsdp.com\/wp-content\/uploads\/2021\/01\/buzon-sugerencias.png 480w\" sizes=\"(max-width:479px) 479px, 100vw\" srcset=\"https:\/\/www.graphicsdp.com\/wp-content\/uploads\/2021\/01\/buzon-sugerencias.png 414w, https:\/\/www.graphicsdp.com\/wp-content\/uploads\/2021\/01\/buzon-sugerencias-300x300.png 300w, https:\/\/www.graphicsdp.com\/wp-content\/uploads\/2021\/01\/buzon-sugerencias-150x150.png 150w\" \/><div class=\"meta\"><a href=\"https:\/\/www.graphicsdp.com\/index.php\/project\/buzon-de-sugerencias\/\"><span class=\"et_overlay\" data-icon-tablet=\"\" data-icon-phone=\"\" data-icon-sticky=\"\"><\/span><h3 class=\"et_pb_module_header\">Buz\u00f3n de Sugerencias<\/h3><p class=\"post-meta\">January 23, 2021<\/p><\/a><\/div><\/div><\/div><div class=\"et_pb_fullwidth_portfolio_item_0_13 et_pb_portfolio_item et_pb_grid_item post-189 project type-project status-publish has-post-thumbnail hentry project_category-senalizacion\" id=\"189\"><div class=\"et_pb_portfolio_image landscape\"><img loading=\"lazy\" decoding=\"async\" src=\"https:\/\/www.graphicsdp.com\/wp-content\/uploads\/2021\/01\/senalizacion-visitantes.jpg\" class=\"wp-image-192\" alt=\"Se\u00f1alizaci\u00f3n Visitantes\" title=\"Se\u00f1alizaci\u00f3n Visitantes\" width=\"382\" height=\"382\" srcset=\"https:\/\/www.graphicsdp.com\/wp-content\/uploads\/2021\/01\/senalizacion-visitantes.jpg 479w, https:\/\/www.graphicsdp.com\/wp-content\/uploads\/2021\/01\/senalizacion-visitantes.jpg 480w\" sizes=\"(max-width:479px) 479px, 100vw\" srcset=\"https:\/\/www.graphicsdp.com\/wp-content\/uploads\/2021\/01\/senalizacion-visitantes.jpg 414w, https:\/\/www.graphicsdp.com\/wp-content\/uploads\/2021\/01\/senalizacion-visitantes-300x300.jpg 300w, https:\/\/www.graphicsdp.com\/wp-content\/uploads\/2021\/01\/senalizacion-visitantes-150x150.jpg 150w\" \/><div class=\"meta\"><a href=\"https:\/\/www.graphicsdp.com\/index.php\/project\/senalizacion-visitantes\/\"><span class=\"et_overlay\" data-icon-tablet=\"\" data-icon-phone=\"\" data-icon-sticky=\"\"><\/span><h3 class=\"et_pb_module_header\">Se\u00f1alizaci\u00f3n Visitantes<\/h3><p class=\"post-meta\">January 22, 2021<\/p><\/a><\/div><\/div><\/div><div class=\"et_pb_fullwidth_portfolio_item_0_14 et_pb_portfolio_item et_pb_grid_item post-186 project type-project status-publish has-post-thumbnail hentry project_category-senalizacion\" id=\"186\"><div class=\"et_pb_portfolio_image landscape\"><img loading=\"lazy\" decoding=\"async\" src=\"https:\/\/www.graphicsdp.com\/wp-content\/uploads\/2021\/01\/senalizaciones-acrilico.jpg\" class=\"wp-image-187\" alt=\"Se\u00f1alizaci\u00f3n VIVACE\" title=\"Se\u00f1alizaci\u00f3n VIVACE\" width=\"382\" height=\"382\" srcset=\"https:\/\/www.graphicsdp.com\/wp-content\/uploads\/2021\/01\/senalizaciones-acrilico.jpg 479w, https:\/\/www.graphicsdp.com\/wp-content\/uploads\/2021\/01\/senalizaciones-acrilico.jpg 480w\" sizes=\"(max-width:479px) 479px, 100vw\" srcset=\"https:\/\/www.graphicsdp.com\/wp-content\/uploads\/2021\/01\/senalizaciones-acrilico.jpg 414w, https:\/\/www.graphicsdp.com\/wp-content\/uploads\/2021\/01\/senalizaciones-acrilico-300x300.jpg 300w, https:\/\/www.graphicsdp.com\/wp-content\/uploads\/2021\/01\/senalizaciones-acrilico-150x150.jpg 150w\" \/><div class=\"meta\"><a href=\"https:\/\/www.graphicsdp.com\/index.php\/project\/senalizacion-vivace\/\"><span class=\"et_overlay\" data-icon-tablet=\"\" data-icon-phone=\"\" data-icon-sticky=\"\"><\/span><h3 class=\"et_pb_module_header\">Se\u00f1alizaci\u00f3n VIVACE<\/h3><p class=\"post-meta\">January 22, 2021<\/p><\/a><\/div><\/div><\/div><\/div><\/div>\n<\/div>","protected":false},"excerpt":{"rendered":"","protected":false},"author":1,"featured_media":0,"parent":0,"menu_order":0,"comment_status":"closed","ping_status":"closed","template":"","meta":{"_joinchat":[],"footnotes":""},"class_list":["post-410","page","type-page","status-publish","hentry"],"_links":{"self":[{"href":"https:\/\/www.graphicsdp.com\/index.php\/wp-json\/wp\/v2\/pages\/410","targetHints":{"allow":["GET"]}}],"collection":[{"href":"https:\/\/www.graphicsdp.com\/index.php\/wp-json\/wp\/v2\/pages"}],"about":[{"href":"https:\/\/www.graphicsdp.com\/index.php\/wp-json\/wp\/v2\/types\/page"}],"author":[{"embeddable":true,"href":"https:\/\/www.graphicsdp.com\/index.php\/wp-json\/wp\/v2\/users\/1"}],"replies":[{"embeddable":true,"href":"https:\/\/www.graphicsdp.com\/index.php\/wp-json\/wp\/v2\/comments?post=410"}],"version-history":[{"count":9,"href":"https:\/\/www.graphicsdp.com\/index.php\/wp-json\/wp\/v2\/pages\/410\/revisions"}],"predecessor-version":[{"id":782,"href":"https:\/\/www.graphicsdp.com\/index.php\/wp-json\/wp\/v2\/pages\/410\/revisions\/782"}],"wp:attachment":[{"href":"https:\/\/www.graphicsdp.com\/index.php\/wp-json\/wp\/v2\/media?parent=410"}],"curies":[{"name":"wp","href":"https:\/\/api.w.org\/{rel}","templated":true}]}}